{"id":10,"date":"2023-01-31T18:13:26","date_gmt":"2023-01-31T17:13:26","guid":{"rendered":"https:\/\/it.yannqueniart.com\/?page_id=10"},"modified":"2024-08-27T15:09:30","modified_gmt":"2024-08-27T13:09:30","slug":"competences","status":"publish","type":"page","link":"https:\/\/it.yannqueniart.com\/?page_id=10","title":{"rendered":"Comp\u00e9tences"},"content":{"rendered":"\n<h2 class=\"wp-block-heading\">Architecture mat\u00e9riel syst\u00e8me<\/h2>\n\n\n\n<ul class=\"wp-block-list\">\n<li>Architecture PC x86 et x64<\/li>\n\n\n\n<li>Serveurs&nbsp;: HP Proliant ML, DL et BL blades, Dell PowerEdge, IBM Xseries et BladeCenter&nbsp;<\/li>\n\n\n\n<li>SAN&nbsp;: IBM DS4700, switch BROCADE, EMC CLARiiON CX3-10 &amp; AX4, NetApp FAS2050<\/li>\n\n\n\n<li>NAS : Synology toute la gamme DS<\/li>\n\n\n\n<li>Sauvegarde : Adic Scalar 100, IBM TS3100<\/li>\n\n\n\n<li>Station Sun Sparcstation<\/li>\n<\/ul>\n\n\n\n<h2 class=\"wp-block-heading\">Architecture mat\u00e9riel r\u00e9seau<\/h2>\n\n\n\n<ul class=\"wp-block-list\">\n<li>Ubiquiti Unifi Secure Gateway, Switch, Access Point, Video, Cloud Key<\/li>\n\n\n\n<li>Switch Enterasys SW2200, E7, E1,&nbsp; N3, DFE Platinium, Cisco Catalyst 2950, 3550, 3750, HP Procurve<\/li>\n\n\n\n<li>Routeurs Enterasys E7, E1, N3, DFE Platinium, Cisco serie 1700, 1800, 2600, 2800 et 3600<\/li>\n\n\n\n<li>Firewall Cisco Pix serie 500 et ASA serie 5500, Watchguard X750e, StoneGate<\/li>\n\n\n\n<li>Bornes Wifi Cisco Aironet 1100 et 1200, Enterasys RoamAbout R1 et R2<\/li>\n<\/ul>\n\n\n\n<h2 class=\"wp-block-heading\">Architecture m\u00e9dical<\/h2>\n\n\n\n<ul class=\"wp-block-list\">\n<li>Echographe GE et Samsung<\/li>\n<\/ul>\n\n\n\n<h2 class=\"wp-block-heading\">WEB<\/h2>\n\n\n\n<ul class=\"wp-block-list\">\n<li>WordPress<\/li>\n\n\n\n<li>Sytist<\/li>\n\n\n\n<li>Prestashop<\/li>\n<\/ul>\n\n\n\n<h2 class=\"wp-block-heading\">Languages<\/h2>\n\n\n\n<ul class=\"wp-block-list\">\n<li>PHP<\/li>\n\n\n\n<li>HTML&nbsp;<\/li>\n\n\n\n<li>SQL&nbsp;<\/li>\n\n\n\n<li>Kixtart 4.12<\/li>\n\n\n\n<li>C#<\/li>\n<\/ul>\n\n\n\n<h2 class=\"wp-block-heading\">Sauvegardes<\/h2>\n\n\n\n<ul class=\"wp-block-list\">\n<li>Synology HyperBackUp et Hyperbackup Vault<\/li>\n\n\n\n<li>ArcServe 2000 et 9<\/li>\n\n\n\n<li>Veritas BackUp Exec 11d et 12<\/li>\n\n\n\n<li>Atempo Time Navigator 3.7<\/li>\n\n\n\n<li>Bakbone Netvault 8.0<\/li>\n<\/ul>\n\n\n\n<h2 class=\"wp-block-heading\">Syst\u00e8mes d&rsquo;exploitation<\/h2>\n\n\n\n<ul class=\"wp-block-list\">\n<li>Windows Server 2008 R2, 2003 R2, 2000, NT4<\/li>\n\n\n\n<li>Windows XP, 2000, NT, 9x &amp; 3x<\/li>\n\n\n\n<li>MacOS X toutes versions<\/li>\n\n\n\n<li>Synology DSM 6.x et 7.x<\/li>\n\n\n\n<li>MS DOS<\/li>\n\n\n\n<li>FreeBSD toutes versions depuis la 6.2<\/li>\n\n\n\n<li>FreenNAS, Openfiler<\/li>\n\n\n\n<li>Linux Debian, Red Hat Enterprise AS, SuSE, Ubuntu<\/li>\n\n\n\n<li>Linux Suse 7.3 Sparc (notions)<\/li>\n\n\n\n<li>Unix, Solaris 10 (notions)<\/li>\n\n\n\n<li>BeOS 5 (notions)<\/li>\n<\/ul>\n\n\n\n<h2 class=\"wp-block-heading\">Backoffice<\/h2>\n\n\n\n<ul class=\"wp-block-list\">\n<li>Annuaire Active Directory&nbsp;<\/li>\n\n\n\n<li>Exchange Server 5.5, 2000, 2003 et 2007&nbsp;<\/li>\n\n\n\n<li>Microsoft Terminal Server<\/li>\n\n\n\n<li>SQL Server 7.0 et 2005&nbsp;<\/li>\n\n\n\n<li>SNA Server 4.0, Host Integration Server 2000<\/li>\n\n\n\n<li>Operations Manager 2007<\/li>\n\n\n\n<li>IIS 8.0<\/li>\n\n\n\n<li>WSUS 3.0<\/li>\n\n\n\n<li>Zabbix<\/li>\n\n\n\n<li>MySQL, MariaDB<\/li>\n\n\n\n<li>Apache<\/li>\n\n\n\n<li>Nginx<\/li>\n\n\n\n<li>Quota Manager<\/li>\n\n\n\n<li>Cacti<\/li>\n\n\n\n<li>Squid<\/li>\n\n\n\n<li>Bind<\/li>\n\n\n\n<li>Syslog-ng et phpsyslog-ng<\/li>\n\n\n\n<li>VMWare Workstation 6,Server 1.0, ESX 3.5 et Virtual Center 2.5<\/li>\n<\/ul>\n\n\n\n<h2 class=\"wp-block-heading\">Protocoles r\u00e9seaux<\/h2>\n\n\n\n<ul class=\"wp-block-list\">\n<li>TCP\/IP<\/li>\n\n\n\n<li>DLC<\/li>\n\n\n\n<li>DNS, WINS, DHCP, SNMP, TFTP, PXE, SSH, SFTP<\/li>\n\n\n\n<li>802.1D (STP), 802.1W (RSTP)<\/li>\n\n\n\n<li>802.1Q (VLAN), 802.3ac (VLAN Tagging), ISL<\/li>\n\n\n\n<li>802.3ad (LACP), Smarttrunk (Agr\u00e9gat de liens Enterasys), Etherchannel<\/li>\n\n\n\n<li>VRRP (RFC 2338), HSRP<\/li>\n\n\n\n<li>RIP, OSPF, EIGRP<\/li>\n\n\n\n<li>VPN<\/li>\n\n\n\n<li>VRF<\/li>\n\n\n\n<li>iSCSI<\/li>\n<\/ul>\n\n\n\n<h2 class=\"wp-block-heading\">Gestion de parc<\/h2>\n\n\n\n<ul class=\"wp-block-list\">\n<li>Peregrine AssetCenter 3.02 &amp; 3.51<\/li>\n\n\n\n<li>Peregrine ConnectIt! 2.01 &amp; 2.10<\/li>\n\n\n\n<li>Peregrine Infratools Desktop Discovery 5.12 &amp; 6.0<\/li>\n<\/ul>\n\n\n\n<h2 class=\"wp-block-heading\">Outils<\/h2>\n\n\n\n<ul class=\"wp-block-list\">\n<li>Enterasys Netsight Atlas, Inventory Manager, Policy Manager<\/li>\n\n\n\n<li>Clearsight 3.1, Sniffer Pro 4.7, wireshark<\/li>\n\n\n\n<li>SolarWinds Orion 7<\/li>\n\n\n\n<li>WRQ Reflexion Suite for X<\/li>\n\n\n\n<li>Norton Ghost Enterprise<\/li>\n\n\n\n<li>Dreamweaver MX&nbsp; 2004<\/li>\n\n\n\n<li>Office 2003, Visio 2003<\/li>\n\n\n\n<li>PhotoShop CS<\/li>\n\n\n\n<li>VNC 3 et 4<\/li>\n\n\n\n<li>Autocad 2000 (notions)&nbsp;<\/li>\n\n\n\n<li>Lotus Notes 7.0<\/li>\n\n\n\n<li>PGP 9.62<\/li>\n<\/ul>\n\n\n\n<h2 class=\"wp-block-heading\">Anti-virus \/ Anti SPAM<\/h2>\n\n\n\n<ul class=\"wp-block-list\">\n<li>McAfee VirusScan 4.5, 7 et 8, NetShield 4.5<\/li>\n\n\n\n<li>Trend Officescan 8.0, IMSS 7.0<\/li>\n<\/ul>\n\n\n\n<h2 class=\"wp-block-heading\">Formations<\/h2>\n\n\n\n<ul class=\"wp-block-list\">\n<li>2023&nbsp;: Formation CNAM TEPE. Dipl\u00f4me niveau 5 de gestion d\u2019entreprise.<\/li>\n\n\n\n<li>2008 : Formation Vmware installation et configuration de Vmware infrastructure 3<\/li>\n\n\n\n<li>2007 : Certification administrateur Bakbone Netvault<\/li>\n\n\n\n<li>2007 : Certification VMWare VSP<\/li>\n\n\n\n<li>2007 : Certification Cisco CSA<\/li>\n\n\n\n<li>2006 : S\u00e9minaire technique BlackBerry<\/li>\n\n\n\n<li>2004&nbsp;: Workshop Microsoft France SMS 2003 et MOM 2000 SP1<\/li>\n\n\n\n<li>2003&nbsp;: CNAM cycle d\u2019ing\u00e9nieur r\u00e9seaux (UV r\u00e9seau et communication, UV Architecture des syst\u00e8mes informatiques)<\/li>\n\n\n\n<li>2003&nbsp;: Formation ICND&nbsp;: Interconnecting Cisco Network Devices<\/li>\n\n\n\n<li>2000 : Premi\u00e8re ann\u00e9e de DEUG TI (Technique Industriel), Calais&nbsp;<\/li>\n\n\n\n<li>1999 : Baccalaur\u00e9at Scientifique option Technologie Industrielle (Anglais), Dunkerque&nbsp;<\/li>\n<\/ul>\n","protected":false},"excerpt":{"rendered":"<p>Architecture mat\u00e9riel syst\u00e8me Architecture mat\u00e9riel r\u00e9seau Architecture m\u00e9dical WEB Languages Sauvegardes Syst\u00e8mes d&rsquo;exploitation Backoffice Protocoles r\u00e9seaux Gestion de parc Outils Anti-virus \/ Anti SPAM Formations<\/p>\n","protected":false},"author":1,"featured_media":0,"parent":0,"menu_order":0,"comment_status":"closed","ping_status":"closed","template":"","meta":{"footnotes":""},"class_list":["post-10","page","type-page","status-publish","hentry"],"_links":{"self":[{"href":"https:\/\/it.yannqueniart.com\/index.php?rest_route=\/wp\/v2\/pages\/10","targetHints":{"allow":["GET"]}}],"collection":[{"href":"https:\/\/it.yannqueniart.com\/index.php?rest_route=\/wp\/v2\/pages"}],"about":[{"href":"https:\/\/it.yannqueniart.com\/index.php?rest_route=\/wp\/v2\/types\/page"}],"author":[{"embeddable":true,"href":"https:\/\/it.yannqueniart.com\/index.php?rest_route=\/wp\/v2\/users\/1"}],"replies":[{"embeddable":true,"href":"https:\/\/it.yannqueniart.com\/index.php?rest_route=%2Fwp%2Fv2%2Fcomments&post=10"}],"version-history":[{"count":28,"href":"https:\/\/it.yannqueniart.com\/index.php?rest_route=\/wp\/v2\/pages\/10\/revisions"}],"predecessor-version":[{"id":329,"href":"https:\/\/it.yannqueniart.com\/index.php?rest_route=\/wp\/v2\/pages\/10\/revisions\/329"}],"wp:attachment":[{"href":"https:\/\/it.yannqueniart.com\/index.php?rest_route=%2Fwp%2Fv2%2Fmedia&parent=10"}],"curies":[{"name":"wp","href":"https:\/\/api.w.org\/{rel}","templated":true}]}}