{"id":250,"date":"2023-02-28T11:03:29","date_gmt":"2023-02-28T10:03:29","guid":{"rendered":"https:\/\/it.yannqueniart.com\/?page_id=250"},"modified":"2026-02-28T10:21:31","modified_gmt":"2026-02-28T09:21:31","slug":"contact","status":"publish","type":"page","link":"https:\/\/it.yannqueniart.com\/","title":{"rendered":"Contact"},"content":{"rendered":"\n<p><em>Fort de 25 ans d\u2019exp\u00e9rience en tant qu\u2019architecte syst\u00e8mes et r\u00e9seaux (2000-2011), je propose des solutions IT sur mesure pour les entreprises en Normandie. Sp\u00e9cialis\u00e9 en\u00a0<strong>audit r\u00e9seau<\/strong>,\u00a0<strong>s\u00e9curit\u00e9 informatique<\/strong>\u00a0et\u00a0<strong>formation <\/strong>, j\u2019interviens en Seine-Maritime et \u00e0 distance pour optimiser votre infrastructure et former vos \u00e9quipes. Mon approche allie expertise technique et p\u00e9dagogie, pour des r\u00e9sultats concrets et durables.<\/em><\/p>\n\n\n\n<p>Coordonn\u00e9es :<\/p>\n\n\n\n<ul class=\"wp-block-list\">\n<li>Yann Qu\u00e9niart<\/li>\n\n\n\n<li>8 rue du bois de la croix<\/li>\n\n\n\n<li>76850 Grigneuseville<\/li>\n<\/ul>\n\n\n\n<p>Email : yann.queniart [at] me.com<\/p>\n\n\n\n<p>T\u00e9l\u00e9phone : 06.71.54.89.44<\/p>\n\n\n\n<p>SIRET : 531 865 053 00049<\/p>\n","protected":false},"excerpt":{"rendered":"<p>Fort de 25 ans d\u2019exp\u00e9rience en tant qu\u2019architecte syst\u00e8mes et r\u00e9seaux (2000-2011), je propose des solutions IT sur mesure pour les entreprises en Normandie. Sp\u00e9cialis\u00e9 en\u00a0audit r\u00e9seau,\u00a0s\u00e9curit\u00e9 informatique\u00a0et\u00a0formation , j\u2019interviens en Seine-Maritime et \u00e0 distance pour optimiser votre infrastructure et former vos \u00e9quipes. Mon approche allie expertise technique et p\u00e9dagogie, pour des r\u00e9sultats concrets et &hellip; <\/p>\n<p class=\"link-more\"><a href=\"https:\/\/it.yannqueniart.com\/\" class=\"more-link\">Continuer la lecture<span class=\"screen-reader-text\"> de &laquo;&nbsp;Contact&nbsp;&raquo;<\/span><\/a><\/p>\n","protected":false},"author":1,"featured_media":0,"parent":0,"menu_order":0,"comment_status":"closed","ping_status":"closed","template":"","meta":{"footnotes":""},"class_list":["post-250","page","type-page","status-publish","hentry"],"_links":{"self":[{"href":"https:\/\/it.yannqueniart.com\/index.php?rest_route=\/wp\/v2\/pages\/250","targetHints":{"allow":["GET"]}}],"collection":[{"href":"https:\/\/it.yannqueniart.com\/index.php?rest_route=\/wp\/v2\/pages"}],"about":[{"href":"https:\/\/it.yannqueniart.com\/index.php?rest_route=\/wp\/v2\/types\/page"}],"author":[{"embeddable":true,"href":"https:\/\/it.yannqueniart.com\/index.php?rest_route=\/wp\/v2\/users\/1"}],"replies":[{"embeddable":true,"href":"https:\/\/it.yannqueniart.com\/index.php?rest_route=%2Fwp%2Fv2%2Fcomments&post=250"}],"version-history":[{"count":14,"href":"https:\/\/it.yannqueniart.com\/index.php?rest_route=\/wp\/v2\/pages\/250\/revisions"}],"predecessor-version":[{"id":341,"href":"https:\/\/it.yannqueniart.com\/index.php?rest_route=\/wp\/v2\/pages\/250\/revisions\/341"}],"wp:attachment":[{"href":"https:\/\/it.yannqueniart.com\/index.php?rest_route=%2Fwp%2Fv2%2Fmedia&parent=250"}],"curies":[{"name":"wp","href":"https:\/\/api.w.org\/{rel}","templated":true}]}}