{"id":8,"date":"2023-01-31T18:12:52","date_gmt":"2023-01-31T17:12:52","guid":{"rendered":"https:\/\/it.yannqueniart.com\/?page_id=8"},"modified":"2024-08-14T16:03:57","modified_gmt":"2024-08-14T14:03:57","slug":"references-et-realisations","status":"publish","type":"page","link":"https:\/\/it.yannqueniart.com\/?page_id=8","title":{"rendered":"R\u00e9f\u00e9rences et r\u00e9alisations"},"content":{"rendered":"\n<div class=\"wp-block-columns is-layout-flex wp-container-core-columns-is-layout-9d6595d7 wp-block-columns-is-layout-flex\">\n<div class=\"wp-block-column is-layout-flow wp-block-column-is-layout-flow\"><\/div>\n\n\n\n<div class=\"wp-block-column is-layout-flow wp-block-column-is-layout-flow\"><\/div>\n<\/div>\n\n\n\n<h2 class=\"wp-block-heading\"><strong>IUT de Rouen<\/strong> \u2013 <strong>Charg\u00e9 d&rsquo;enseignement<\/strong><\/h2>\n\n\n\n<ul class=\"wp-block-list\">\n<li>Enseignement de cours de bureautique&nbsp;:<ul><li>Microsoft Word<\/li><\/ul><ul><li>Microsoft Excel<\/li><\/ul>\n<ul class=\"wp-block-list\">\n<li>Arduino<\/li>\n<\/ul>\n<\/li>\n\n\n\n<li>Enseignement de cours d\u2019algorithmie&nbsp;:<ul><li>C++<\/li><\/ul>\n<ul class=\"wp-block-list\">\n<li>Arduino<\/li>\n<\/ul>\n<\/li>\n\n\n\n<li>Enseignement de cours d\u2019informatique instrumental (LabView)<\/li>\n\n\n\n<li>Cr\u00e9ation du contenu et enseignement de cours de communication visuel via un portfolio (usage hors ligne, publication en ligne, utilisation d\u2019IA pour la g\u00e9n\u00e9rations de visuels)<\/li>\n<\/ul>\n\n\n\n<h2 class=\"wp-block-heading\"><strong>Auto entreprise Yann Qu\u00e9niart<\/strong> \u2013 <strong>Informaticien Freelance<\/strong><\/h2>\n\n\n\n<ul class=\"wp-block-list\">\n<li>Formations d\u2019utilisateurs sur les domaines suivant : bureautiques, syst\u00e8mes et r\u00e9seaux.<\/li>\n\n\n\n<li>Audits et conseils<\/li>\n\n\n\n<li>Conception et d\u00e9ploiement d\u2019architecture syst\u00e8mes et r\u00e9seaux<\/li>\n\n\n\n<li>Conception et d\u00e9ploiement d\u2019architecture syst\u00e8mes et r\u00e9seaux<ul><li>D\u00e9ploiement de r\u00e9seau Ubiquiti Unifi (routeurs, switch, AP wifi, contr\u00f4leur)<\/li><\/ul><ul><li>D\u00e9ploiement de solution Synology<\/li><\/ul><ul><li>Maintenance et d\u00e9ploiement d\u2019environnement informatique m\u00e9dical (Imagerie DCOM, Osirix, Horus, \u00e9chographie GE et Samsung)<\/li><\/ul><\/li>\n<\/ul>\n\n\n\n<h2 class=\"wp-block-heading\"><strong>Novacel<\/strong> \u2013 <strong>Administrateur r\u00e9seaux et s\u00e9curit\u00e9<\/strong><\/h2>\n\n\n\n<ul class=\"wp-block-list\">\n<li>Environnement technique 50 serveurs, 50 \u00e9l\u00e9ments actifs, 500 utilisateurs, 13 sites g\u00e9ographiques dans le monde.<\/li>\n\n\n\n<li>Administration courante du r\u00e9seau LAN et WAN (switch cisco, routeurs cisco, firewall stonegate, routage OSPF, interfaces virtuels HSRP et tunnel VPN entre les diff\u00e9rents sites).<\/li>\n\n\n\n<li>Administration courante du SAN NetApp et du r\u00e9seau Fiber Channel Brocade (NetApp FAS2050, NetApp FAS2020, Brocade E200)<\/li>\n\n\n\n<li>Administration d\u2019IBM BladeCenter H<\/li>\n\n\n\n<li>Administration des serveurs proxy Sophos WS1000 et anti spam Sophos ES1000<\/li>\n\n\n\n<li>Administration des serveurs FreeBSD (Apache, Mysql, NTP)<\/li>\n\n\n\n<li>Gestion des boitiers VPN SSL F5 Firepass 1200.<\/li>\n\n\n\n<li>Gestion des certificats SSL (openSSL)<\/li>\n\n\n\n<li>D\u00e9ploiement compl\u00e8te d\u2019une solution de supervision Zabbix (pooling par agent et SNMP), \u00e9criture des r\u00e8gles de supervision, maintenance du syst\u00e8me.<\/li>\n\n\n\n<li>Gestion d\u2019un projet de d\u00e9ploiement d\u2019encryption EFS.<\/li>\n\n\n\n<li>Gestion d\u2019un projet de migration de l\u2019architecture en vlan.<\/li>\n\n\n\n<li>Recablage aux normes de la salle serveur.<\/li>\n\n\n\n<li>R\u00e9daction de documentations et proc\u00e9dures.<\/li>\n<\/ul>\n\n\n\n<h2 class=\"wp-block-heading\"><strong>ARES<\/strong> \u2013 <strong>Architecte, Ing\u00e9nieur Syst\u00e8mes &amp; R\u00e9seaux<\/strong><\/h2>\n\n\n\n<ul class=\"wp-block-list\">\n<li>Architecture syst\u00e8me et r\u00e9seau (conception, d\u00e9ploiement, suivi).<\/li>\n\n\n\n<li>R\u00e9alisation d\u2019audits.<\/li>\n\n\n\n<li>R\u00e9daction de documents&nbsp;: proc\u00e9dures, appels d\u2019offres.<\/li>\n\n\n\n<li>R\u00e9alisations et clients :\n<ul class=\"wp-block-list\">\n<li>PSM&nbsp;: mise en cluster de serveurs sous Windows 2003 R2, installation de sauvegarde sous Backbone Netvault et robotique IBM TS3100 Fiber Channel<\/li>\n\n\n\n<li>SOGESTRAN&nbsp;: d\u00e9ploiement d\u2019une architecture ToIP<\/li>\n\n\n\n<li>CH Gisors&nbsp;: mise en place d\u2019un serveur de filtrage SPAM Trend IMSS 7.0<\/li>\n\n\n\n<li>Ecole de commerce de basse normandie&nbsp;: \u00e9tude de couverture wifi<\/li>\n\n\n\n<li>Panda Software&nbsp;: d\u00e9ploiement d\u2019une solution VMWARE ESX 3.0<\/li>\n\n\n\n<li>JAULIN S.A.&nbsp;: virtualisation compl\u00e8te de l\u2019infrastructure syst\u00e8me (2 serveurs VMWARE ESX 3.0, VirtualCenter 2.0, SAN EMC CLARiiON CX3-10)<\/li>\n\n\n\n<li>AMJ-GROUPE&nbsp;: virtualisation compl\u00e8te de l\u2019infrastructure syst\u00e8me (3 serveurs VMWARE ESX 3.0, VirtualCenter 2.0, SAN EMC CLARiiON CX3-10)<\/li>\n\n\n\n<li>CIVIS&nbsp;: virtualisation compl\u00e8te de l\u2019infrastructure syst\u00e8me (2 serveurs VMWARE ESX 3.0, VirtualCenter 2.0, SAN EMC CLARiiON AX4)<\/li>\n\n\n\n<li>OENOBIOL&nbsp;: D\u00e9ploiement d\u2019un cluster Microsoft Exchange 2003 avec SAN EMC CLARiiON CX3-10i.<\/li>\n\n\n\n<li>&nbsp;La France Mutualiste&nbsp;: D\u00e9ploiement d\u2019un cluster Microsoft Exchange 2007<\/li>\n<\/ul>\n<\/li>\n\n\n\n<li>R\u00e9alisations divers&nbsp;:\n<ul class=\"wp-block-list\">\n<li>Active Directory (d\u00e9ploiement, r\u00e9paration et r\u00e9organisation).<\/li>\n\n\n\n<li>Backup exec 12 (installation et configuration).<\/li>\n\n\n\n<li>Mise en place d\u2019une plateforme de test de routeur Vyatta.<\/li>\n<\/ul>\n<\/li>\n<\/ul>\n\n\n\n<h2 class=\"wp-block-heading\"><strong>CPI<\/strong> \u2013 <strong>Architecte, Ing\u00e9nieur Syst\u00e8mes &amp; R\u00e9seaux<\/strong><\/h2>\n\n\n\n<ul class=\"wp-block-list\">\n<li>Architecture syst\u00e8me et r\u00e9seau (conception, d\u00e9ploiement, suivi)<\/li>\n\n\n\n<li>Gestion, d\u00e9ploiements, audits et remise en conformit\u00e9 du r\u00e9seau interne et des r\u00e9seaux clients.<\/li>\n\n\n\n<li>Supervision de r\u00e9seaux physiques et des syst\u00e8mes via Microsoft MOM 2007, syslog-ng, cacti, etc.<\/li>\n\n\n\n<li>D\u00e9ploiement de solutions de virtualisation VMWare (Infrastructure, ESX, Server et Workstation).<\/li>\n\n\n\n<li>R\u00e9alisation de test de NAS Open source (FreeNAS, Openfiler) interfac\u00e9 en iSCSI avec VMWare Infrastructure.<\/li>\n\n\n\n<li>R\u00e9daction d\u2019appels d\u2019offres et de procedures.<\/li>\n\n\n\n<li>Formation des clients aux r\u00e9seaux (programme de cours Cisco ICND)<\/li>\n\n\n\n<li>R\u00e9alisations et Clients&nbsp;:\n<ul class=\"wp-block-list\">\n<li>Cr\u00e9dit Agricole&nbsp;: gestion des firewalls nationaux via CSPM et \u00e9tude de migration MPLS (technologie&nbsp;Cisco 2811, Cisco PIX 525, EIGRP, VRF)<\/li>\n\n\n\n<li>Mr Bricolage&nbsp;: mise en NLB des serveurs intranet<\/li>\n\n\n\n<li>CIM&nbsp;: refonte compl\u00e8te de l\u2019acc\u00e8s WAN et VPN (Cisco ASA 5510)<\/li>\n\n\n\n<li>UIMM&nbsp;: d\u00e9ploiement d\u2019un r\u00e9seau Wifi en roaming et commutateur de niveau 3<\/li>\n\n\n\n<li>Chargeurs&nbsp;: remplacement des firewalls frontaux (Watchguard)<\/li>\n<\/ul>\n<\/li>\n<\/ul>\n\n\n\n<h2 class=\"wp-block-heading\"><strong>STERIA<\/strong> &#8211; <strong>Administrateur Syst\u00e8mes &amp; R\u00e9seaux<\/strong><\/h2>\n\n\n\n<h3 class=\"wp-block-heading\"><strong>Administrateur Syst\u00e8mes &amp; R\u00e9seaux \u2013 SNCF Grande ligne<\/strong><\/h3>\n\n\n\n<ul class=\"wp-block-list\">\n<li>Environnement technique 130 serveurs, 200 \u00e9l\u00e9ments actifs, 3000 utilisateurs (Windows 2003, 2000, NT4 &amp; Exchange 5.5), 6 sites g\u00e9ographiques sur Paris.<\/li>\n\n\n\n<li>Gestion courante d\u2019un domaine NT et d\u2019Exchange (cr\u00e9ation de comptes utilisateurs, de boites aux lettres, gestion des s\u00e9curit\u00e9s des serveurs, etc)<\/li>\n\n\n\n<li>Maintenance physique et installation de nouveaux serveurs et p\u00e9riph\u00e9riques (Compaq Proliant ML et DL, Compaq DLT Library, Adic Scalar 100 LTO etc)<\/li>\n\n\n\n<li>Gestion et maintenance du r\u00e9seau physique (Cabletron\/Enterasys, Cisco, Nortell). Technologie mis en \u0153uvre&nbsp;: 802.1Q, 802.11b\/g, VLAN, Spanning Tree, VRRP, Agr\u00e9gat de lien<\/li>\n\n\n\n<li>Gestion du r\u00e9seau via Enterasys Netsight Atlas, Inventory Manager, Policy Manager.<\/li>\n\n\n\n<li>R\u00e9alisation de tests de migration d\u2019un domaine Windows NT4 vers Windows 2000.<\/li>\n\n\n\n<li>Mise en place d\u2019une station de surveillance r\u00e9seaux Linux \/ MRTG<\/li>\n\n\n\n<li>Mise en place d\u2019un serveur de surveillance r\u00e9seaux SolarWinds Orion 7<\/li>\n\n\n\n<li>Am\u00e9lioration des scripts Kixtart actuellement en place.<\/li>\n\n\n\n<li>Gestion des syst\u00e8mes de sauvegardes sous Arcserve 9, BackUp Exec 10.0 et Time Navigator 3.6<\/li>\n\n\n\n<li>R\u00e9alisation de test de passerelles HIS 2000 (connexion central via DLSW)<\/li>\n\n\n\n<li>Installation de passerelles Microsoft SNA Serveur 4.0 (connexion central via X25)<\/li>\n\n\n\n<li>R\u00e9alisation d\u2019un intranet de gestion des \u00e9l\u00e9ments actifs (commande des \u00e9l\u00e9ments via SNMP, technologie php et microsoft SQL Server 2005)<\/li>\n\n\n\n<li>Installation d\u2019une plateforme MOM 2005<\/li>\n\n\n\n<li>Astreinte 24h\/24, 7j\/7 des sites en productions.<\/li>\n\n\n\n<li>Installation d\u2019une plateforme de masterisation Ghost Entreprise \/ FreeBSD 5.4 \/ Boot PXE<\/li>\n\n\n\n<li>Installation d\u2019une plateforme de supervision FreeBSD 5.4 \/ Cacti 0.86c<\/li>\n\n\n\n<li>R\u00e9alisation d\u2019audit syst\u00e8me et r\u00e9seau, mise \u00e0 niveau suite aux audits.<\/li>\n\n\n\n<li>Participation aux projets de d\u00e9m\u00e9nagement (mise en place d\u2019infrastructures syst\u00e8me et r\u00e9seau).<\/li>\n<\/ul>\n\n\n\n<h3 class=\"wp-block-heading\"><strong>Technicien de maintenance &#8211; SNCF Grande ligne<\/strong><\/h3>\n\n\n\n<ul class=\"wp-block-list\">\n<li>Environnement technique 70 serveurs, 3000 postes de travail, Windows XP, 2000 &amp; NT4&nbsp;<\/li>\n\n\n\n<li>Conception d\u2019un intranet en technologie PHP, IIS 5.0 &amp; SQL Server 2000&nbsp;<\/li>\n\n\n\n<li>Mise en place d\u2019un serveur Web IIS 5<\/li>\n\n\n\n<li>Maintenance mat\u00e9rielle et logicielle des postes de travail et des imprimantes du client.&nbsp;<\/li>\n\n\n\n<li>Projet de d\u00e9ploiement d\u2019antivirus McAfee 4.5<\/li>\n\n\n\n<li>Conseiller technique r\u00e9seau et brassage \u00e0 la RATP<\/li>\n<\/ul>\n\n\n\n<h2 class=\"wp-block-heading\"><strong>FAST<\/strong> \u2013 <strong>technicien de maintenance \u2013 Minist\u00e8re de l\u2019\u00e9conomie, des finances et de l\u2019industrie<\/strong><\/h2>\n\n\n\n<ul class=\"wp-block-list\">\n<li>Environnement technique 50 serveurs, 15000 postes de travail,&nbsp; 14000 imprimantes, Windows NT4, 2000, 9x<\/li>\n\n\n\n<li>Administration des serveurs de la soci\u00e9t\u00e9 (serveurs Windows 2000 &amp; NT4, serveur de fichiers et d\u2019impression, WINS, IIS 4 &amp; 5, Terminal Server)&nbsp;<\/li>\n\n\n\n<li>Inventaire du parc informatique du client via Peregrine AssetCenter, Peregrine Infratools desktop discovery et Peregrine ConnectIt!&nbsp;<\/li>\n\n\n\n<li>Administration courante de la base Peregrine AssetCenter (cr\u00e9ation d\u2019acc\u00e8s, modification des profils d\u2019utilisation, mise \u00e0 jour des donn\u00e9es, etc)<\/li>\n\n\n\n<li>Maintenance mat\u00e9rielle des serveurs du client<\/li>\n\n\n\n<li>Maintenance mat\u00e9rielle et logicielle des postes de travail et des imprimantes du client.<\/li>\n<\/ul>\n","protected":false},"excerpt":{"rendered":"<p>IUT de Rouen \u2013 Charg\u00e9 d&rsquo;enseignement Auto entreprise Yann Qu\u00e9niart \u2013 Informaticien Freelance Novacel \u2013 Administrateur r\u00e9seaux et s\u00e9curit\u00e9 ARES \u2013 Architecte, Ing\u00e9nieur Syst\u00e8mes &amp; R\u00e9seaux CPI \u2013 Architecte, Ing\u00e9nieur Syst\u00e8mes &amp; R\u00e9seaux STERIA &#8211; Administrateur Syst\u00e8mes &amp; R\u00e9seaux Administrateur Syst\u00e8mes &amp; R\u00e9seaux \u2013 SNCF Grande ligne Technicien de maintenance &#8211; SNCF Grande ligne FAST &hellip; <\/p>\n<p class=\"link-more\"><a href=\"https:\/\/it.yannqueniart.com\/?page_id=8\" class=\"more-link\">Continuer la lecture<span class=\"screen-reader-text\"> de &laquo;&nbsp;R\u00e9f\u00e9rences et r\u00e9alisations&nbsp;&raquo;<\/span><\/a><\/p>\n","protected":false},"author":1,"featured_media":0,"parent":0,"menu_order":0,"comment_status":"closed","ping_status":"closed","template":"page-templates\/full-width-page.php","meta":{"footnotes":""},"class_list":["post-8","page","type-page","status-publish","hentry"],"_links":{"self":[{"href":"https:\/\/it.yannqueniart.com\/index.php?rest_route=\/wp\/v2\/pages\/8","targetHints":{"allow":["GET"]}}],"collection":[{"href":"https:\/\/it.yannqueniart.com\/index.php?rest_route=\/wp\/v2\/pages"}],"about":[{"href":"https:\/\/it.yannqueniart.com\/index.php?rest_route=\/wp\/v2\/types\/page"}],"author":[{"embeddable":true,"href":"https:\/\/it.yannqueniart.com\/index.php?rest_route=\/wp\/v2\/users\/1"}],"replies":[{"embeddable":true,"href":"https:\/\/it.yannqueniart.com\/index.php?rest_route=%2Fwp%2Fv2%2Fcomments&post=8"}],"version-history":[{"count":19,"href":"https:\/\/it.yannqueniart.com\/index.php?rest_route=\/wp\/v2\/pages\/8\/revisions"}],"predecessor-version":[{"id":325,"href":"https:\/\/it.yannqueniart.com\/index.php?rest_route=\/wp\/v2\/pages\/8\/revisions\/325"}],"wp:attachment":[{"href":"https:\/\/it.yannqueniart.com\/index.php?rest_route=%2Fwp%2Fv2%2Fmedia&parent=8"}],"curies":[{"name":"wp","href":"https:\/\/api.w.org\/{rel}","templated":true}]}}